{"id":5327,"date":"2021-09-11T13:49:46","date_gmt":"2021-09-11T13:49:46","guid":{"rendered":"https:\/\/aftrips.com\/?page_id=5327"},"modified":"2022-08-11T16:46:15","modified_gmt":"2022-08-11T16:46:15","slug":"contacto","status":"publish","type":"page","link":"https:\/\/aftrips.com\/index.php\/contacto\/","title":{"rendered":"Contacto"},"content":{"rendered":"\n<div class=\"wp-block-contact-form-7-contact-form-selector\"><div role=\"form\" class=\"wpcf7\" id=\"wpcf7-f232-o1\" lang=\"es-ES\" dir=\"ltr\">\n<div class=\"screen-reader-response\"><p role=\"status\" aria-live=\"polite\" aria-atomic=\"true\"><\/p> <ul><\/ul><\/div>\n<form action=\"\/index.php\/wp-json\/wp\/v2\/pages\/5327#wpcf7-f232-o1\" method=\"post\" class=\"wpcf7-form init\" novalidate=\"novalidate\" data-status=\"init\">\n<div style=\"display: none;\">\n<input type=\"hidden\" name=\"_wpcf7\" value=\"232\" \/>\n<input type=\"hidden\" name=\"_wpcf7_version\" value=\"5.4.2\" \/>\n<input type=\"hidden\" name=\"_wpcf7_locale\" value=\"es_ES\" \/>\n<input type=\"hidden\" name=\"_wpcf7_unit_tag\" value=\"wpcf7-f232-o1\" \/>\n<input type=\"hidden\" name=\"_wpcf7_container_post\" value=\"0\" \/>\n<input type=\"hidden\" name=\"_wpcf7_posted_data_hash\" value=\"\" \/>\n<\/div>\n<p><label> Tu nombre<br \/>\n    <span class=\"wpcf7-form-control-wrap your-name\"><input type=\"text\" name=\"your-name\" value=\"\" size=\"40\" class=\"wpcf7-form-control wpcf7-text wpcf7-validates-as-required\" aria-required=\"true\" aria-invalid=\"false\" \/><\/span> <\/label><\/p>\n<p><label> Tu correo electr\u00f3nico<br \/>\n    <span class=\"wpcf7-form-control-wrap your-email\"><input type=\"email\" name=\"your-email\" value=\"\" size=\"40\" class=\"wpcf7-form-control wpcf7-text wpcf7-email wpcf7-validates-as-required wpcf7-validates-as-email\" aria-required=\"true\" aria-invalid=\"false\" \/><\/span> <\/label><\/p>\n<p><label> Asunto<br \/>\n    <span class=\"wpcf7-form-control-wrap your-subject\"><input type=\"text\" name=\"your-subject\" value=\"\" size=\"40\" class=\"wpcf7-form-control wpcf7-text wpcf7-validates-as-required\" aria-required=\"true\" aria-invalid=\"false\" \/><\/span> <\/label><\/p>\n<p><label> Tu mensaje (opcional)<br \/>\n    <span class=\"wpcf7-form-control-wrap your-message\"><textarea name=\"your-message\" cols=\"40\" rows=\"10\" class=\"wpcf7-form-control wpcf7-textarea\" aria-invalid=\"false\"><\/textarea><\/span> <\/label><\/p>\n<p><span class=\"wpcf7-form-control-wrap acceptance-389\"><span class=\"wpcf7-form-control wpcf7-acceptance\"><span class=\"wpcf7-list-item\"><label><input type=\"checkbox\" name=\"acceptance-389\" value=\"1\" aria-invalid=\"false\" \/><span class=\"wpcf7-list-item-label\">Acepto la <a href=\"https:\/\/aftrips.com\/index.php\/politicas-de-privacidad\/\">Politica de privacidad<\/a><\/span><\/label><\/span><\/span><\/span><\/p>\n<p><input type=\"submit\" value=\"Enviar\" class=\"wpcf7-form-control wpcf7-submit\" \/><\/p>\n<div class=\"wpcf7-response-output\" aria-hidden=\"true\"><\/div><\/form><\/div><\/div>\n","protected":false},"excerpt":{"rendered":"<p>Tu nombre Tu correo electr\u00f3nico Asunto Tu mensaje (opcional) Acepto la Politica de privacidad<\/p>\n","protected":false},"author":2,"featured_media":0,"parent":0,"menu_order":0,"comment_status":"closed","ping_status":"closed","template":"elementor_theme","meta":[],"yoast_head":"<!-- This site is optimized with the Yoast SEO plugin v17.3 - https:\/\/yoast.com\/wordpress\/plugins\/seo\/ -->\n<title>Contacto - AFTRIPS<\/title>\n<meta name=\"robots\" content=\"index, follow, max-snippet:-1, max-image-preview:large, max-video-preview:-1\" \/>\n<link rel=\"canonical\" href=\"https:\/\/aftrips.com\/index.php\/contacto\/\" \/>\n<meta property=\"og:locale\" content=\"es_ES\" \/>\n<meta property=\"og:type\" content=\"article\" \/>\n<meta property=\"og:title\" content=\"Contacto - AFTRIPS\" \/>\n<meta property=\"og:url\" content=\"https:\/\/aftrips.com\/index.php\/contacto\/\" \/>\n<meta property=\"og:site_name\" content=\"AFTRIPS\" \/>\n<meta property=\"article:modified_time\" content=\"2022-08-11T16:46:15+00:00\" \/>\n<meta name=\"twitter:card\" content=\"summary_large_image\" \/>\n<meta name=\"twitter:label1\" content=\"Tiempo de lectura\" \/>\n\t<meta name=\"twitter:data1\" content=\"1 minuto\" \/>\n<script type=\"application\/ld+json\" class=\"yoast-schema-graph\">{\"@context\":\"https:\/\/schema.org\",\"@graph\":[{\"@type\":\"WebSite\",\"@id\":\"https:\/\/aftrips.com\/#website\",\"url\":\"https:\/\/aftrips.com\/\",\"name\":\"AFTRIPS\",\"description\":\"Somos una compa\\u00f1\\u00eda de transporte de personas, con ch\\u00f3fer privado, ofreciendo servicios con los m\\u00e1s altos c\\u00e1nones de seguridad y confortabilidad, adaptados a cualquier necesidad de nuestros clientes. Nuestros viajes, traslados, van destinados a hacer momentos \\u00fanicos e irrepetibles. Nuestra m\\u00e1xima es la confidencialidad y discreci\\u00f3n. Todos nuestros servicios, est\\u00e1n asistidos por conductores profesionales con una larga experiencia en el sector.\",\"potentialAction\":[{\"@type\":\"SearchAction\",\"target\":{\"@type\":\"EntryPoint\",\"urlTemplate\":\"https:\/\/aftrips.com\/?s={search_term_string}\"},\"query-input\":\"required name=search_term_string\"}],\"inLanguage\":\"es\"},{\"@type\":\"WebPage\",\"@id\":\"https:\/\/aftrips.com\/index.php\/contacto\/#webpage\",\"url\":\"https:\/\/aftrips.com\/index.php\/contacto\/\",\"name\":\"Contacto - AFTRIPS\",\"isPartOf\":{\"@id\":\"https:\/\/aftrips.com\/#website\"},\"datePublished\":\"2021-09-11T13:49:46+00:00\",\"dateModified\":\"2022-08-11T16:46:15+00:00\",\"breadcrumb\":{\"@id\":\"https:\/\/aftrips.com\/index.php\/contacto\/#breadcrumb\"},\"inLanguage\":\"es\",\"potentialAction\":[{\"@type\":\"ReadAction\",\"target\":[\"https:\/\/aftrips.com\/index.php\/contacto\/\"]}]},{\"@type\":\"BreadcrumbList\",\"@id\":\"https:\/\/aftrips.com\/index.php\/contacto\/#breadcrumb\",\"itemListElement\":[{\"@type\":\"ListItem\",\"position\":1,\"name\":\"Portada\",\"item\":\"https:\/\/aftrips.com\/\"},{\"@type\":\"ListItem\",\"position\":2,\"name\":\"Contacto\"}]}]}<\/script>\n<!-- \/ Yoast SEO plugin. -->","yoast_head_json":{"title":"Contacto - AFTRIPS","robots":{"index":"index","follow":"follow","max-snippet":"max-snippet:-1","max-image-preview":"max-image-preview:large","max-video-preview":"max-video-preview:-1"},"canonical":"https:\/\/aftrips.com\/index.php\/contacto\/","og_locale":"es_ES","og_type":"article","og_title":"Contacto - AFTRIPS","og_url":"https:\/\/aftrips.com\/index.php\/contacto\/","og_site_name":"AFTRIPS","article_modified_time":"2022-08-11T16:46:15+00:00","twitter_card":"summary_large_image","twitter_misc":{"Tiempo de lectura":"1 minuto"},"schema":{"@context":"https:\/\/schema.org","@graph":[{"@type":"WebSite","@id":"https:\/\/aftrips.com\/#website","url":"https:\/\/aftrips.com\/","name":"AFTRIPS","description":"Somos una compa\u00f1\u00eda de transporte de personas, con ch\u00f3fer privado, ofreciendo servicios con los m\u00e1s altos c\u00e1nones de seguridad y confortabilidad, adaptados a cualquier necesidad de nuestros clientes. Nuestros viajes, traslados, van destinados a hacer momentos \u00fanicos e irrepetibles. Nuestra m\u00e1xima es la confidencialidad y discreci\u00f3n. Todos nuestros servicios, est\u00e1n asistidos por conductores profesionales con una larga experiencia en el sector.","potentialAction":[{"@type":"SearchAction","target":{"@type":"EntryPoint","urlTemplate":"https:\/\/aftrips.com\/?s={search_term_string}"},"query-input":"required name=search_term_string"}],"inLanguage":"es"},{"@type":"WebPage","@id":"https:\/\/aftrips.com\/index.php\/contacto\/#webpage","url":"https:\/\/aftrips.com\/index.php\/contacto\/","name":"Contacto - AFTRIPS","isPartOf":{"@id":"https:\/\/aftrips.com\/#website"},"datePublished":"2021-09-11T13:49:46+00:00","dateModified":"2022-08-11T16:46:15+00:00","breadcrumb":{"@id":"https:\/\/aftrips.com\/index.php\/contacto\/#breadcrumb"},"inLanguage":"es","potentialAction":[{"@type":"ReadAction","target":["https:\/\/aftrips.com\/index.php\/contacto\/"]}]},{"@type":"BreadcrumbList","@id":"https:\/\/aftrips.com\/index.php\/contacto\/#breadcrumb","itemListElement":[{"@type":"ListItem","position":1,"name":"Portada","item":"https:\/\/aftrips.com\/"},{"@type":"ListItem","position":2,"name":"Contacto"}]}]}},"_links":{"self":[{"href":"https:\/\/aftrips.com\/index.php\/wp-json\/wp\/v2\/pages\/5327"}],"collection":[{"href":"https:\/\/aftrips.com\/index.php\/wp-json\/wp\/v2\/pages"}],"about":[{"href":"https:\/\/aftrips.com\/index.php\/wp-json\/wp\/v2\/types\/page"}],"author":[{"embeddable":true,"href":"https:\/\/aftrips.com\/index.php\/wp-json\/wp\/v2\/users\/2"}],"replies":[{"embeddable":true,"href":"https:\/\/aftrips.com\/index.php\/wp-json\/wp\/v2\/comments?post=5327"}],"version-history":[{"count":3,"href":"https:\/\/aftrips.com\/index.php\/wp-json\/wp\/v2\/pages\/5327\/revisions"}],"predecessor-version":[{"id":5545,"href":"https:\/\/aftrips.com\/index.php\/wp-json\/wp\/v2\/pages\/5327\/revisions\/5545"}],"wp:attachment":[{"href":"https:\/\/aftrips.com\/index.php\/wp-json\/wp\/v2\/media?parent=5327"}],"curies":[{"name":"wp","href":"https:\/\/api.w.org\/{rel}","templated":true}]}}